{"id":16,"date":"2018-10-12T13:49:48","date_gmt":"2018-10-12T13:49:48","guid":{"rendered":"http:\/\/the-elder-clan.de\/?page_id=16"},"modified":"2018-10-15T10:38:56","modified_gmt":"2018-10-15T10:38:56","slug":"the-elder-clan-esports","status":"publish","type":"page","link":"https:\/\/the-elder-clan.de\/?page_id=16","title":{"rendered":"the Elder Clan eSports"},"content":{"rendered":"<p>the Elder Clan eSports wurde im Jahr 2018 aus einer Spielergemeinschaft mit dem Ziel gegr\u00fcndet den elektronischen Sport in Deutschland zu betreiben und weiter zu entwickeln. Dabei sind wir nicht nur auf ein Spiel begrenzt sondern es wird gespielt was Spa\u00df macht. Wir sind sowohl im &#8222;competitive&#8220; Bereich gegen andere Spieler als auch in kooperativen Spielen gegen die KI t\u00e4tig.<\/p>\n<p>Dabei f\u00f6rdert der gemeinsame Wettbewerb wie bei konventionellen Sportarten den sozialen Zusammenhalt. Die Kommunikation unter einander ist dabei besonders hervorzuheben. Diese ist nicht nur im Spiel unerl\u00e4sslich sondern ist auch ein propates Mittel alle Spieler aktiv einzubinden und somit sozialer Ausgrenzung entgegen zu wirken. Wir als Verein stehen nicht nur fernm\u00fcndlich und \u00fcber digitale Wegein Kontakt sondern nehmen als Mannschaft an Turnieren und Ligaveranstaltungen teil.<br \/>\nVereinstreffen geh\u00f6ren dabei genauso zu unserem Konzept wie feste Trainingszeiten die ein wichtiger St\u00fctzpfeiler zur Suchtpr\u00e4fention sind.<br \/>\nAls Generation die mit dem elektronischen Unterhaltungsfortschritt aufgewachsen ist wollen wir das Wissen und den verantwortungsvollen Umgang an die Heranwachsenden weitergeben.<\/p>\n<p>Gemeinsam mit den kommenden Spielern m\u00f6chten wir die Zukunft des elektronischen Sports erfolgreich gestalten und die gesellschaftliche Annerkennung st\u00e4rken.<\/p>\n<p>Lasst uns zusammen spielen !<\/p>\n<p>The Elder Clan eSports e.V.<\/p>\n","protected":false},"excerpt":{"rendered":"<p>the Elder Clan eSports wurde im Jahr 2018 aus einer Spielergemeinschaft mit dem Ziel gegr\u00fcndet den elektronischen Sport in Deutschland zu betreiben und weiter zu entwickeln. Dabei sind wir nicht nur auf ein Spiel begrenzt sondern es wird gespielt was Spa\u00df macht. Wir sind sowohl im &#8222;competitive&#8220; Bereich gegen andere Spieler als auch in kooperativen &hellip; <\/p>\n<p class=\"link-more\"><a href=\"https:\/\/the-elder-clan.de\/?page_id=16\" class=\"more-link\"><span class=\"screen-reader-text\">\u201ethe Elder Clan eSports\u201c <\/span>weiterlesen<\/a><\/p>\n","protected":false},"author":1,"featured_media":0,"parent":0,"menu_order":0,"comment_status":"closed","ping_status":"closed","template":"","meta":{"footnotes":""},"class_list":["post-16","page","type-page","status-publish","hentry"],"_links":{"self":[{"href":"https:\/\/the-elder-clan.de\/index.php?rest_route=\/wp\/v2\/pages\/16","targetHints":{"allow":["GET"]}}],"collection":[{"href":"https:\/\/the-elder-clan.de\/index.php?rest_route=\/wp\/v2\/pages"}],"about":[{"href":"https:\/\/the-elder-clan.de\/index.php?rest_route=\/wp\/v2\/types\/page"}],"author":[{"embeddable":true,"href":"https:\/\/the-elder-clan.de\/index.php?rest_route=\/wp\/v2\/users\/1"}],"replies":[{"embeddable":true,"href":"https:\/\/the-elder-clan.de\/index.php?rest_route=%2Fwp%2Fv2%2Fcomments&post=16"}],"version-history":[{"count":6,"href":"https:\/\/the-elder-clan.de\/index.php?rest_route=\/wp\/v2\/pages\/16\/revisions"}],"predecessor-version":[{"id":38,"href":"https:\/\/the-elder-clan.de\/index.php?rest_route=\/wp\/v2\/pages\/16\/revisions\/38"}],"wp:attachment":[{"href":"https:\/\/the-elder-clan.de\/index.php?rest_route=%2Fwp%2Fv2%2Fmedia&parent=16"}],"curies":[{"name":"wp","href":"https:\/\/api.w.org\/{rel}","templated":true}]}}