{"id":129,"date":"2023-06-06T09:43:32","date_gmt":"2023-06-06T09:43:32","guid":{"rendered":"http:\/\/the-elder-clan.de\/?page_id=129"},"modified":"2023-06-06T09:43:32","modified_gmt":"2023-06-06T09:43:32","slug":"mitglied-werden","status":"publish","type":"page","link":"https:\/\/the-elder-clan.de\/?page_id=129","title":{"rendered":"Mitglied werden"},"content":{"rendered":"\n<p>Gerne begr\u00fc\u00dfen wir neue Mitglieder.<\/p>\n\n\n\n<p>Um Mitglied zu werden ganz einfach den Mitgliedsantrag und die Datenschutzhinweise ausf\u00fcllen und an the-elder-clan@gmx.de senden. <\/p>\n\n\n\n<p>Wir freuen uns auf dich !<\/p>\n\n\n\n<div data-wp-interactive=\"core\/file\" class=\"wp-block-file\"><object data-wp-bind--hidden=\"!state.hasPdfPreview\" hidden class=\"wp-block-file__embed\" data=\"http:\/\/the-elder-clan.de\/wp-content\/uploads\/2018\/10\/Mitgliedsantrag-v1-1.pdf\" type=\"application\/pdf\" style=\"width:100%;height:600px\" aria-label=\"Einbettung von Mitgliedsantrag v1-1.\"><\/object><a id=\"wp-block-file--media-31583e90-f7cb-4730-9767-82576babe722\" href=\"http:\/\/the-elder-clan.de\/wp-content\/uploads\/2018\/10\/Mitgliedsantrag-v1-1.pdf\">Mitgliedsantrag v1-1<\/a><a href=\"http:\/\/the-elder-clan.de\/wp-content\/uploads\/2018\/10\/Mitgliedsantrag-v1-1.pdf\" class=\"wp-block-file__button wp-element-button\" download aria-describedby=\"wp-block-file--media-31583e90-f7cb-4730-9767-82576babe722\">Herunterladen<\/a><\/div>\n\n\n\n<div data-wp-interactive=\"core\/file\" class=\"wp-block-file\"><object data-wp-bind--hidden=\"!state.hasPdfPreview\" hidden class=\"wp-block-file__embed\" data=\"http:\/\/the-elder-clan.de\/wp-content\/uploads\/2018\/10\/Datenschutzhinweise-the-Elder-Clan2.pdf\" type=\"application\/pdf\" style=\"width:100%;height:600px\" aria-label=\"Einbettung von Datenschutzhinweise the Elder Clan(2).\"><\/object><a id=\"wp-block-file--media-50d16604-544a-497f-b0dd-f94981fcec87\" href=\"http:\/\/the-elder-clan.de\/wp-content\/uploads\/2018\/10\/Datenschutzhinweise-the-Elder-Clan2.pdf\">Datenschutzhinweise the Elder Clan(2)<\/a><a href=\"http:\/\/the-elder-clan.de\/wp-content\/uploads\/2018\/10\/Datenschutzhinweise-the-Elder-Clan2.pdf\" class=\"wp-block-file__button wp-element-button\" download aria-describedby=\"wp-block-file--media-50d16604-544a-497f-b0dd-f94981fcec87\">Herunterladen<\/a><\/div>\n","protected":false},"excerpt":{"rendered":"<p>Gerne begr\u00fc\u00dfen wir neue Mitglieder. Um Mitglied zu werden ganz einfach den Mitgliedsantrag und die Datenschutzhinweise ausf\u00fcllen und an the-elder-clan@gmx.de senden. Wir freuen uns auf dich !<\/p>\n","protected":false},"author":1,"featured_media":0,"parent":0,"menu_order":0,"comment_status":"closed","ping_status":"closed","template":"","meta":{"footnotes":""},"class_list":["post-129","page","type-page","status-publish","hentry"],"_links":{"self":[{"href":"https:\/\/the-elder-clan.de\/index.php?rest_route=\/wp\/v2\/pages\/129","targetHints":{"allow":["GET"]}}],"collection":[{"href":"https:\/\/the-elder-clan.de\/index.php?rest_route=\/wp\/v2\/pages"}],"about":[{"href":"https:\/\/the-elder-clan.de\/index.php?rest_route=\/wp\/v2\/types\/page"}],"author":[{"embeddable":true,"href":"https:\/\/the-elder-clan.de\/index.php?rest_route=\/wp\/v2\/users\/1"}],"replies":[{"embeddable":true,"href":"https:\/\/the-elder-clan.de\/index.php?rest_route=%2Fwp%2Fv2%2Fcomments&post=129"}],"version-history":[{"count":2,"href":"https:\/\/the-elder-clan.de\/index.php?rest_route=\/wp\/v2\/pages\/129\/revisions"}],"predecessor-version":[{"id":131,"href":"https:\/\/the-elder-clan.de\/index.php?rest_route=\/wp\/v2\/pages\/129\/revisions\/131"}],"wp:attachment":[{"href":"https:\/\/the-elder-clan.de\/index.php?rest_route=%2Fwp%2Fv2%2Fmedia&parent=129"}],"curies":[{"name":"wp","href":"https:\/\/api.w.org\/{rel}","templated":true}]}}